{"id":4959,"date":"2020-07-02T06:49:38","date_gmt":"2020-07-02T06:49:38","guid":{"rendered":"https:\/\/toyclique.com\/home-with-ajax\/"},"modified":"2025-01-08T22:04:19","modified_gmt":"2025-01-08T22:04:19","slug":"home-with-ajax","status":"publish","type":"page","link":"https:\/\/toyclique.com\/fr\/","title":{"rendered":"Achetez et vendez des appareils \u00e9lectroniques, des jouets et plus encore \u00e0 vos enfants!"},"content":{"rendered":"\t\t<div data-elementor-type=\"wp-page\" data-elementor-id=\"4959\" class=\"elementor elementor-4959 elementor-4214\">\n\t\t\t\t\t\t<section class=\"elementor-section elementor-top-section elementor-element elementor-element-5f671fa4 elementor-section-boxed elementor-section-height-default elementor-section-height-default wpr-particle-no wpr-jarallax-no wpr-parallax-no wpr-sticky-section-no wpr-equal-height-no\" data-id=\"5f671fa4\" data-element_type=\"section\" data-e-type=\"section\" data-settings=\"{&quot;background_background&quot;:&quot;classic&quot;}\">\n\t\t\t\t\t\t<div class=\"elementor-container elementor-column-gap-default\">\n\t\t\t\t\t<div class=\"elementor-column elementor-col-100 elementor-top-column elementor-element elementor-element-5f39439e\" data-id=\"5f39439e\" data-element_type=\"column\" data-e-type=\"column\">\n\t\t\t<div class=\"elementor-widget-wrap elementor-element-populated\">\n\t\t\t\t\t\t<div class=\"elementor-element elementor-element-6ac589 elementor-widget elementor-widget-spacer\" data-id=\"6ac589\" data-element_type=\"widget\" data-e-type=\"widget\" data-widget_type=\"spacer.default\">\n\t\t\t\t<div class=\"elementor-widget-container\">\n\t\t\t\t\t\t\t<div class=\"elementor-spacer\">\n\t\t\t<div class=\"elementor-spacer-inner\"><\/div>\n\t\t<\/div>\n\t\t\t\t\t\t<\/div>\n\t\t\t\t<\/div>\n\t\t\t\t\t<\/div>\n\t\t<\/div>\n\t\t\t\t\t<\/div>\n\t\t<\/section>\n\t\t\t\t<section class=\"elementor-section elementor-top-section elementor-element elementor-element-7761799 elementor-section-boxed elementor-section-height-default elementor-section-height-default wpr-particle-no wpr-jarallax-no wpr-parallax-no wpr-sticky-section-no wpr-equal-height-no\" data-id=\"7761799\" data-element_type=\"section\" data-e-type=\"section\">\n\t\t\t\t\t\t<div class=\"elementor-container elementor-column-gap-default\">\n\t\t\t\t\t<div class=\"elementor-column elementor-col-100 elementor-top-column elementor-element elementor-element-1722239\" data-id=\"1722239\" data-element_type=\"column\" data-e-type=\"column\">\n\t\t\t<div class=\"elementor-widget-wrap elementor-element-populated\">\n\t\t\t\t\t\t<div class=\"elementor-element elementor-element-848e48d elementor-widget elementor-widget-spacer\" data-id=\"848e48d\" data-element_type=\"widget\" data-e-type=\"widget\" data-widget_type=\"spacer.default\">\n\t\t\t\t<div class=\"elementor-widget-container\">\n\t\t\t\t\t\t\t<div class=\"elementor-spacer\">\n\t\t\t<div class=\"elementor-spacer-inner\"><\/div>\n\t\t<\/div>\n\t\t\t\t\t\t<\/div>\n\t\t\t\t<\/div>\n\t\t\t\t\t<\/div>\n\t\t<\/div>\n\t\t\t\t\t<\/div>\n\t\t<\/section>\n\t\t\t\t<section class=\"elementor-section elementor-top-section elementor-element elementor-element-990a906 elementor-section-boxed elementor-section-height-default elementor-section-height-default wpr-particle-no wpr-jarallax-no wpr-parallax-no wpr-sticky-section-no wpr-equal-height-no\" data-id=\"990a906\" data-element_type=\"section\" data-e-type=\"section\">\n\t\t\t\t\t\t<div class=\"elementor-container elementor-column-gap-default\">\n\t\t\t\t\t<div class=\"elementor-column elementor-col-100 elementor-top-column elementor-element elementor-element-01c3a28\" data-id=\"01c3a28\" data-element_type=\"column\" data-e-type=\"column\">\n\t\t\t<div class=\"elementor-widget-wrap elementor-element-populated\">\n\t\t\t\t\t\t<div class=\"elementor-element elementor-element-35edb60 mf--v-position-middle elementor-widget elementor-widget-martfury-slides\" data-id=\"35edb60\" data-element_type=\"widget\" data-e-type=\"widget\" data-widget_type=\"martfury-slides.default\">\n\t\t\t\t<div class=\"elementor-widget-container\">\n\t\t\t\t\t<div class=\"mf-slides-wrapper loading align-icon- navigation-dots navigation-tablet-dots navigation-mobile-dots\" dir=\"ltr\">\r\n\t\t\t\t<div class=\"arrows-wrapper\"><div class=\"arrows-inner arrows-container\"><\/div><\/div>\r\n\t\t\t\t<div class=\"mf-slides\" data-slider_options=\"{&quot;slidesToShow&quot;:1,&quot;autoplaySpeed&quot;:5000,&quot;autoplay&quot;:false,&quot;infinite&quot;:true,&quot;pauseOnHover&quot;:true,&quot;speed&quot;:800,&quot;arrows&quot;:true,&quot;dots&quot;:true,&quot;rtl&quot;:false,&quot;fade&quot;:true}\" data-animation=\"fadeIn\"><div class=\"elementor-repeater-item-38b4454 slick-slide\"><div class=\"slick-slide-bg\"><\/div><div  class=\"slick-slide-inner\"><div class=\"mf-background-overlay\"><\/div><div class=\"mf-slide-content\"><div class=\"mf-slide-heading\">Gagnez de l'argent suppl\u00e9mentaire. Vendez des jouets, des v\u00eatements, des appareils \u00e9lectroniques, des livres et bien plus encore \u00e0 vos enfants!<\/div><div class=\"mf-slide-description\"><p>Commencez \u00e0 vendre. C'est rapide et facile.<\/p><\/div><a href=\"https:\/\/toyclique.com\/my-account\/\" class=\"mf-button mf-slide-button\">Cr\u00e9er une Boutique<\/a><\/div><\/div><\/div><\/div>\r\n\t\t\t<\/div>\t\t\t\t<\/div>\n\t\t\t\t<\/div>\n\t\t\t\t<div class=\"elementor-element elementor-element-345603c elementor-widget elementor-widget-spacer\" data-id=\"345603c\" data-element_type=\"widget\" data-e-type=\"widget\" data-widget_type=\"spacer.default\">\n\t\t\t\t<div class=\"elementor-widget-container\">\n\t\t\t\t\t\t\t<div class=\"elementor-spacer\">\n\t\t\t<div class=\"elementor-spacer-inner\"><\/div>\n\t\t<\/div>\n\t\t\t\t\t\t<\/div>\n\t\t\t\t<\/div>\n\t\t\t\t<div class=\"elementor-element elementor-element-cd5ef7f elementor-widget elementor-widget-martfury-banner-small\" data-id=\"cd5ef7f\" data-element_type=\"widget\" data-e-type=\"widget\" data-widget_type=\"martfury-banner-small.default\">\n\t\t\t\t<div class=\"elementor-widget-container\">\n\t\t\t\t\t        <div class=\"mf-elementor-banner-small\">\r\n            <div class=\"banner-featured-image\"><\/div>\r\n\t\t\t            <div class=\"banner-content\">\r\n\t\t\t\t<h4 class=\"banner-title\">Vous achetez des cadeaux mais vous ne voulez pas payer le prix fort? Aucun probl\u00e8me! Obtenez tout ce dont vous avez besoin et plus encore.<\/h4>                <div class=\"banner-desc\"><p>Commencer \u00e0 \u00e9conomiser.<\/p><\/div>\r\n\r\n\t\t\t\t            <\/div>\r\n        <\/div>\r\n\t\t\t\t\t\t<\/div>\n\t\t\t\t<\/div>\n\t\t\t\t\t<\/div>\n\t\t<\/div>\n\t\t\t\t\t<\/div>\n\t\t<\/section>\n\t\t\t\t<section class=\"elementor-section elementor-top-section elementor-element elementor-element-2406736 elementor-section-boxed elementor-section-height-default elementor-section-height-default wpr-particle-no wpr-jarallax-no wpr-parallax-no wpr-sticky-section-no wpr-equal-height-no\" data-id=\"2406736\" data-element_type=\"section\" data-e-type=\"section\">\n\t\t\t\t\t\t<div class=\"elementor-container elementor-column-gap-default\">\n\t\t\t\t\t<div class=\"elementor-column elementor-col-33 elementor-top-column elementor-element elementor-element-7bbd87c\" data-id=\"7bbd87c\" data-element_type=\"column\" data-e-type=\"column\">\n\t\t\t<div class=\"elementor-widget-wrap elementor-element-populated\">\n\t\t\t\t\t\t<div class=\"elementor-element elementor-element-ebbce69 elementor-widget elementor-widget-martfury-banner-small\" data-id=\"ebbce69\" data-element_type=\"widget\" data-e-type=\"widget\" data-widget_type=\"martfury-banner-small.default\">\n\t\t\t\t<div class=\"elementor-widget-container\">\n\t\t\t\t\t        <div class=\"mf-elementor-banner-small\">\r\n            <div class=\"banner-featured-image\"><\/div>\r\n\t\t\t                <a class=\"link\" target=\"_blank\" rel=\"nofollow\" href=\"https:\/\/toyclique.com\/baby\/\"><\/a>\r\n\t\t\t            <div class=\"banner-content\">\r\n\t\t\t\t<h4 class=\"banner-title\">BEBE<\/h4>                <div class=\"banner-desc\"><\/div>\r\n\r\n\t\t\t\t            <\/div>\r\n        <\/div>\r\n\t\t\t\t\t\t<\/div>\n\t\t\t\t<\/div>\n\t\t\t\t\t<\/div>\n\t\t<\/div>\n\t\t\t\t<div class=\"elementor-column elementor-col-33 elementor-top-column elementor-element elementor-element-7ad39db\" data-id=\"7ad39db\" data-element_type=\"column\" data-e-type=\"column\">\n\t\t\t<div class=\"elementor-widget-wrap elementor-element-populated\">\n\t\t\t\t\t\t<div class=\"elementor-element elementor-element-dac3d11 elementor-widget elementor-widget-martfury-banner-small\" data-id=\"dac3d11\" data-element_type=\"widget\" data-e-type=\"widget\" data-widget_type=\"martfury-banner-small.default\">\n\t\t\t\t<div class=\"elementor-widget-container\">\n\t\t\t\t\t        <div class=\"mf-elementor-banner-small\">\r\n            <div class=\"banner-featured-image\"><\/div>\r\n\t\t\t                <a class=\"link\" target=\"_blank\" rel=\"nofollow\" href=\"https:\/\/toyclique.com\/gender\/boy\"><\/a>\r\n\t\t\t            <div class=\"banner-content\">\r\n\t\t\t\t<h4 class=\"banner-title\">GAR\u00c7ON<\/h4>                <div class=\"banner-desc\"><\/div>\r\n\r\n\t\t\t\t            <\/div>\r\n        <\/div>\r\n\t\t\t\t\t\t<\/div>\n\t\t\t\t<\/div>\n\t\t\t\t\t<\/div>\n\t\t<\/div>\n\t\t\t\t<div class=\"elementor-column elementor-col-33 elementor-top-column elementor-element elementor-element-691f0ea\" data-id=\"691f0ea\" data-element_type=\"column\" data-e-type=\"column\">\n\t\t\t<div class=\"elementor-widget-wrap elementor-element-populated\">\n\t\t\t\t\t\t<div class=\"elementor-element elementor-element-b2ccb3c elementor-widget elementor-widget-martfury-banner-small\" data-id=\"b2ccb3c\" data-element_type=\"widget\" data-e-type=\"widget\" data-widget_type=\"martfury-banner-small.default\">\n\t\t\t\t<div class=\"elementor-widget-container\">\n\t\t\t\t\t        <div class=\"mf-elementor-banner-small\">\r\n            <div class=\"banner-featured-image\"><\/div>\r\n\t\t\t                <a class=\"link\" target=\"_blank\" rel=\"nofollow\" href=\"https:\/\/toyclique.com\/gender\/girl\/\"><\/a>\r\n\t\t\t            <div class=\"banner-content\">\r\n\t\t\t\t<h4 class=\"banner-title\">FILLE<\/h4>                <div class=\"banner-desc\"><\/div>\r\n\r\n\t\t\t\t            <\/div>\r\n        <\/div>\r\n\t\t\t\t\t\t<\/div>\n\t\t\t\t<\/div>\n\t\t\t\t\t<\/div>\n\t\t<\/div>\n\t\t\t\t\t<\/div>\n\t\t<\/section>\n\t\t\t\t<section class=\"elementor-section elementor-top-section elementor-element elementor-element-441413e elementor-section-boxed elementor-section-height-default elementor-section-height-default wpr-particle-no wpr-jarallax-no wpr-parallax-no wpr-sticky-section-no wpr-equal-height-no\" data-id=\"441413e\" data-element_type=\"section\" data-e-type=\"section\">\n\t\t\t\t\t\t<div class=\"elementor-container elementor-column-gap-extended\">\n\t\t\t\t\t<div class=\"elementor-column elementor-col-50 elementor-top-column elementor-element elementor-element-31d5527\" data-id=\"31d5527\" data-element_type=\"column\" data-e-type=\"column\">\n\t\t\t<div class=\"elementor-widget-wrap elementor-element-populated\">\n\t\t\t\t\t\t<div class=\"elementor-element elementor-element-4dbc687 elementor-widget elementor-widget-martfury-banner-small\" data-id=\"4dbc687\" data-element_type=\"widget\" data-e-type=\"widget\" data-widget_type=\"martfury-banner-small.default\">\n\t\t\t\t<div class=\"elementor-widget-container\">\n\t\t\t\t\t        <div class=\"mf-elementor-banner-small\">\r\n            <div class=\"banner-featured-image\"><\/div>\r\n\t\t\t                <a class=\"link\" target=\"_blank\" rel=\"nofollow\" href=\"https:\/\/toyclique.com\/fr\/mon-compte\/\"><\/a>\r\n\t\t\t            <div class=\"banner-content\">\r\n\t\t\t\t<h4 class=\"banner-title\">Commencer \u00e0 vendre.<\/h4>                <div class=\"banner-desc\"><p>Gagnez de l\u2019argent suppl\u00e9mentaire en vendant tout ce que votre enfant est devenu trop grand. <\/p><\/div>\r\n\r\n\t\t\t\t            <\/div>\r\n        <\/div>\r\n\t\t\t\t\t\t<\/div>\n\t\t\t\t<\/div>\n\t\t\t\t\t<\/div>\n\t\t<\/div>\n\t\t\t\t<div class=\"elementor-column elementor-col-50 elementor-top-column elementor-element elementor-element-bf19a73\" data-id=\"bf19a73\" data-element_type=\"column\" data-e-type=\"column\">\n\t\t\t<div class=\"elementor-widget-wrap elementor-element-populated\">\n\t\t\t\t\t\t<div class=\"elementor-element elementor-element-82d339e elementor-widget elementor-widget-martfury-banner-small\" data-id=\"82d339e\" data-element_type=\"widget\" data-e-type=\"widget\" data-widget_type=\"martfury-banner-small.default\">\n\t\t\t\t<div class=\"elementor-widget-container\">\n\t\t\t\t\t        <div class=\"mf-elementor-banner-small\">\r\n            <div class=\"banner-featured-image\"><\/div>\r\n\t\t\t                <a class=\"link\" target=\"_blank\" rel=\"nofollow\" href=\"https:\/\/toyclique.com\/fr\/deals-of-the-day\/\"><\/a>\r\n\t\t\t            <div class=\"banner-content\">\r\n\t\t\t\t<h4 class=\"banner-title\">Besoin d'aide <\/h4>                <div class=\"banner-desc\"><p>Profitez des meilleur prix sur l'\u00e9lectronique, les poussettes, les v\u00eatements et bien plus encore! Trouvez des le perles rares des plus grands cr\u00e9ateurs et marques. <\/p><\/div>\r\n\r\n\t\t\t\t            <\/div>\r\n        <\/div>\r\n\t\t\t\t\t\t<\/div>\n\t\t\t\t<\/div>\n\t\t\t\t\t<\/div>\n\t\t<\/div>\n\t\t\t\t\t<\/div>\n\t\t<\/section>\n\t\t\t\t<section class=\"elementor-section elementor-top-section elementor-element elementor-element-9a55c50 elementor-section-boxed elementor-section-height-default elementor-section-height-default wpr-particle-no wpr-jarallax-no wpr-parallax-no wpr-sticky-section-no wpr-equal-height-no\" data-id=\"9a55c50\" data-element_type=\"section\" data-e-type=\"section\">\n\t\t\t\t\t\t<div class=\"elementor-container elementor-column-gap-default\">\n\t\t\t\t\t<div class=\"elementor-column elementor-col-50 elementor-top-column elementor-element elementor-element-ef3b7d9\" data-id=\"ef3b7d9\" data-element_type=\"column\" data-e-type=\"column\">\n\t\t\t<div class=\"elementor-widget-wrap elementor-element-populated\">\n\t\t\t\t\t\t<div class=\"elementor-element elementor-element-dbb5db6 elementor-widget elementor-widget-martfury-banner-small\" data-id=\"dbb5db6\" data-element_type=\"widget\" data-e-type=\"widget\" data-widget_type=\"martfury-banner-small.default\">\n\t\t\t\t<div class=\"elementor-widget-container\">\n\t\t\t\t\t        <div class=\"mf-elementor-banner-small\">\r\n            <div class=\"banner-featured-image\"><\/div>\r\n\t\t\t                <a class=\"link\" target=\"_blank\" rel=\"nofollow\" href=\"https:\/\/toyclique.com\/gender\/teen\"><\/a>\r\n\t\t\t            <div class=\"banner-content\">\r\n\t\t\t\t<h4 class=\"banner-title\">ADOLESCENT<\/h4>                <div class=\"banner-desc\"><\/div>\r\n\r\n\t\t\t\t            <\/div>\r\n        <\/div>\r\n\t\t\t\t\t\t<\/div>\n\t\t\t\t<\/div>\n\t\t\t\t\t<\/div>\n\t\t<\/div>\n\t\t\t\t<div class=\"elementor-column elementor-col-50 elementor-top-column elementor-element elementor-element-d3366db\" data-id=\"d3366db\" data-element_type=\"column\" data-e-type=\"column\">\n\t\t\t<div class=\"elementor-widget-wrap elementor-element-populated\">\n\t\t\t\t\t\t<div class=\"elementor-element elementor-element-dff58e4 elementor-widget elementor-widget-martfury-banner-small\" data-id=\"dff58e4\" data-element_type=\"widget\" data-e-type=\"widget\" data-widget_type=\"martfury-banner-small.default\">\n\t\t\t\t<div class=\"elementor-widget-container\">\n\t\t\t\t\t        <div class=\"mf-elementor-banner-small\">\r\n            <div class=\"banner-featured-image\"><\/div>\r\n\t\t\t                <a class=\"link\" target=\"_blank\" rel=\"nofollow\" href=\"https:\/\/toyclique.com\/category\/technology\/\"><\/a>\r\n\t\t\t            <div class=\"banner-content\">\r\n\t\t\t\t<h4 class=\"banner-title\">\u00c9LECTRONIQUE ET JEUX<\/h4>                <div class=\"banner-desc\"><\/div>\r\n\r\n\t\t\t\t            <\/div>\r\n        <\/div>\r\n\t\t\t\t\t\t<\/div>\n\t\t\t\t<\/div>\n\t\t\t\t\t<\/div>\n\t\t<\/div>\n\t\t\t\t\t<\/div>\n\t\t<\/section>\n\t\t\t\t<section class=\"elementor-section elementor-top-section elementor-element elementor-element-83cdfe0 elementor-section-boxed elementor-section-height-default elementor-section-height-default wpr-particle-no wpr-jarallax-no wpr-parallax-no wpr-sticky-section-no wpr-equal-height-no\" data-id=\"83cdfe0\" data-element_type=\"section\" data-e-type=\"section\">\n\t\t\t\t\t\t<div class=\"elementor-container elementor-column-gap-default\">\n\t\t\t\t\t<div class=\"elementor-column elementor-col-100 elementor-top-column elementor-element elementor-element-09c568f\" data-id=\"09c568f\" data-element_type=\"column\" data-e-type=\"column\">\n\t\t\t<div class=\"elementor-widget-wrap elementor-element-populated\">\n\t\t\t\t\t\t<div class=\"elementor-element elementor-element-1e25360 elementor-widget elementor-widget-martfury-banner-small\" data-id=\"1e25360\" data-element_type=\"widget\" data-e-type=\"widget\" data-widget_type=\"martfury-banner-small.default\">\n\t\t\t\t<div class=\"elementor-widget-container\">\n\t\t\t\t\t        <div class=\"mf-elementor-banner-small\">\r\n            <div class=\"banner-featured-image\"><\/div>\r\n\t\t\t                <a class=\"link\" target=\"_blank\" rel=\"nofollow\" href=\"https:\/\/toyclique.com\/fr\/contact\/\"><\/a>\r\n\t\t\t            <div class=\"banner-content\">\r\n\t\t\t\t<h4 class=\"banner-title\">Besoin d'aide <\/h4>                <div class=\"banner-desc\"><p>Contactez-nous.<\/p><\/div>\r\n\r\n\t\t\t\t            <\/div>\r\n        <\/div>\r\n\t\t\t\t\t\t<\/div>\n\t\t\t\t<\/div>\n\t\t\t\t\t<\/div>\n\t\t<\/div>\n\t\t\t\t\t<\/div>\n\t\t<\/section>\n\t\t\t\t<\/div>\n\t\t","protected":false},"excerpt":{"rendered":"<p>Gagnez de l&rsquo;argent suppl\u00e9mentaire. Vendez des jouets, des v\u00eatements, des appareils \u00e9lectroniques, des livres et bien plus encore \u00e0 vos enfants! Commencez \u00e0 vendre. C&rsquo;est rapide et facile. Cr\u00e9er une Boutique Vous achetez des cadeaux mais vous ne voulez pas payer le prix fort? Aucun probl\u00e8me! Obtenez tout ce dont vous avez besoin et plus encore. Commencer \u00e0 \u00e9conomiser. BEBE GAR\u00c7ON FILLE Commencer \u00e0 vendre. Gagnez de l\u2019argent suppl\u00e9mentaire en vendant tout ce que votre enfant est devenu trop grand. Besoin d&rsquo;aide Profitez des meilleur prix sur l&rsquo;\u00e9lectronique, les poussettes, les v\u00eatements et bien plus encore! Trouvez des le perles rares des plus grands cr\u00e9ateurs et marques. ADOLESCENT \u00c9LECTRONIQUE ET JEUX Besoin d&rsquo;aide Contactez-nous.<\/p>\n","protected":false},"author":1,"featured_media":0,"parent":0,"menu_order":0,"comment_status":"closed","ping_status":"closed","template":"template-homepage.php","meta":{"footnotes":""},"class_list":["post-4959","page","type-page","status-publish","hentry"],"aioseo_notices":[],"_links":{"self":[{"href":"https:\/\/toyclique.com\/fr\/wp-json\/wp\/v2\/pages\/4959","targetHints":{"allow":["GET"]}}],"collection":[{"href":"https:\/\/toyclique.com\/fr\/wp-json\/wp\/v2\/pages"}],"about":[{"href":"https:\/\/toyclique.com\/fr\/wp-json\/wp\/v2\/types\/page"}],"author":[{"embeddable":true,"href":"https:\/\/toyclique.com\/fr\/wp-json\/wp\/v2\/users\/1"}],"replies":[{"embeddable":true,"href":"https:\/\/toyclique.com\/fr\/wp-json\/wp\/v2\/comments?post=4959"}],"version-history":[{"count":5,"href":"https:\/\/toyclique.com\/fr\/wp-json\/wp\/v2\/pages\/4959\/revisions"}],"predecessor-version":[{"id":6334,"href":"https:\/\/toyclique.com\/fr\/wp-json\/wp\/v2\/pages\/4959\/revisions\/6334"}],"wp:attachment":[{"href":"https:\/\/toyclique.com\/fr\/wp-json\/wp\/v2\/media?parent=4959"}],"curies":[{"name":"wp","href":"https:\/\/api.w.org\/{rel}","templated":true}]}}